{"id":4376,"date":"2019-11-06T18:05:48","date_gmt":"2019-11-06T15:05:48","guid":{"rendered":"http:\/\/torbatekmakina.com\/usage-areas\/gubre-paketleme\/"},"modified":"2019-11-07T12:08:50","modified_gmt":"2019-11-07T09:08:50","slug":"fertilizer-packaging","status":"publish","type":"page","link":"https:\/\/torbatekmakina.com\/en\/usage-areas\/fertilizer-packaging\/","title":{"rendered":"Fertilizer Packaging"},"content":{"rendered":"<div class=\"wpb-content-wrapper\"><p>[vc_row][vc_column]<section class=\"image-standard \">\n\t\t\t\t\t\t    <div class=\"container p0-sm-min\">\n\t\t\t\t\t\t        <div class=\"row vertical-flex\">\n\t\t\t\t\t\t            <div class=\"col-md-7 col-sm-6 text-center mb-xs-24 p0-sm-min border-radius-m\">\n\t\t\t\t\t\t            \t<div class=\"intro-image\"><img loading=\"lazy\" decoding=\"async\" width=\"1920\" height=\"1278\" src=\"https:\/\/torbatekmakina.com\/wp-content\/uploads\/2019\/11\/g\u00fcbre-paketleme-kullan\u0131m-alan\u0131-i\u00e7-resim.jpg\" class=\"attachment-full size-full\" alt=\"\" srcset=\"https:\/\/torbatekmakina.com\/wp-content\/uploads\/2019\/11\/g\u00fcbre-paketleme-kullan\u0131m-alan\u0131-i\u00e7-resim.jpg 1920w, https:\/\/torbatekmakina.com\/wp-content\/uploads\/2019\/11\/g\u00fcbre-paketleme-kullan\u0131m-alan\u0131-i\u00e7-resim-300x200.jpg 300w, https:\/\/torbatekmakina.com\/wp-content\/uploads\/2019\/11\/g\u00fcbre-paketleme-kullan\u0131m-alan\u0131-i\u00e7-resim-768x511.jpg 768w, https:\/\/torbatekmakina.com\/wp-content\/uploads\/2019\/11\/g\u00fcbre-paketleme-kullan\u0131m-alan\u0131-i\u00e7-resim-1024x682.jpg 1024w, https:\/\/torbatekmakina.com\/wp-content\/uploads\/2019\/11\/g\u00fcbre-paketleme-kullan\u0131m-alan\u0131-i\u00e7-resim-600x400.jpg 600w\" sizes=\"auto, (max-width: 1920px) 100vw, 1920px\" \/>\n\t\t\t\t\t\t            \t<\/div>\n\t\t\t\t\t\t            <\/div>\n\t\t\t\t\t\t            <div class=\"col-md-4 col-md-offset-1 col-sm-5 col-sm-offset-1 p0-sm-min\"><div>Fertilizer Packing from Torbatek Machine<\/div><\/div>\n\t\t\t\t\t\t        <\/div>\n\t\t\t\t\t\t    <\/div>\n\t\t\t\t\t\t<\/section>[\/vc_column][\/vc_row][vc_row css=&#8221;.vc_custom_1572605847484{background-color: #f7f7f7 !important;}&#8221;][vc_column]<div class=\"headings-title\"><div class=\"mb72 mb16 mb-xs-40 text-center\"><h5  class=\"widgettitle mb0\">IMAGES OF PACKED PRODUCTS<\/h5><\/div><\/div>[vc_column_text]<\/p>\n<div class=\"lightbox-gallery mt16 third-thumbs\" data-gallery-title=\"Fertilizer Packaging\"><ul><li><a href=\"https:\/\/torbatekmakina.com\/wp-content\/uploads\/2019\/11\/resimler-silaj-2-1.jpg\" data-lightbox=\"true\" data-title=\"\"><div class=\"bg-overlay\">\n\t    \t    \t        \t\t<img decoding=\"async\" src=\"https:\/\/torbatekmakina.com\/wp-content\/uploads\/2019\/11\/resimler-silaj-2-1-900x600.jpg\" alt=\"gallery-item\" \/>\n\t    \t    \t        \t\t<div class=\"bg-mask mask-white\"><i class=\"ti-plus\"><\/i><\/div>\n\t    \t    \t        \t<\/div><\/a><\/li><li><a href=\"https:\/\/torbatekmakina.com\/wp-content\/uploads\/2019\/11\/resimler-silaj-1-1.jpg\" data-lightbox=\"true\" data-title=\"\"><div class=\"bg-overlay\">\n\t    \t    \t        \t\t<img decoding=\"async\" src=\"https:\/\/torbatekmakina.com\/wp-content\/uploads\/2019\/11\/resimler-silaj-1-1-900x600.jpg\" alt=\"gallery-item\" \/>\n\t    \t    \t        \t\t<div class=\"bg-mask mask-white\"><i class=\"ti-plus\"><\/i><\/div>\n\t    \t    \t        \t<\/div><\/a><\/li><li><a href=\"https:\/\/torbatekmakina.com\/wp-content\/uploads\/2019\/11\/resimler-silaj-3-1.jpg\" data-lightbox=\"true\" data-title=\"\"><div class=\"bg-overlay\">\n\t    \t    \t        \t\t<img decoding=\"async\" src=\"https:\/\/torbatekmakina.com\/wp-content\/uploads\/2019\/11\/resimler-silaj-3-1-900x600.jpg\" alt=\"gallery-item\" \/>\n\t    \t    \t        \t\t<div class=\"bg-mask mask-white\"><i class=\"ti-plus\"><\/i><\/div>\n\t    \t    \t        \t<\/div><\/a><\/li><\/ul><\/div>\n<div id=\"gtx-trans\" style=\"position: absolute; left: 207px; top: 26px;\">\n<div class=\"gtx-trans-icon\"><\/div>\n<\/div>\n<p>[\/vc_column_text][\/vc_column][\/vc_row]<\/p>\n<\/div>","protected":false},"excerpt":{"rendered":"<p>[vc_row][vc_column][\/vc_column][\/vc_row][vc_row css=&#8221;.vc_custom_1572605847484{background-color: #f7f7f7 !important;}&#8221;][vc_column][vc_column_text] [\/vc_column_text][\/vc_column][\/vc_row]<\/p>\n","protected":false},"author":1,"featured_media":0,"parent":4299,"menu_order":0,"comment_status":"closed","ping_status":"closed","template":"","meta":{"footnotes":""},"class_list":["post-4376","page","type-page","status-publish","hentry"],"_links":{"self":[{"href":"https:\/\/torbatekmakina.com\/en\/wp-json\/wp\/v2\/pages\/4376","targetHints":{"allow":["GET"]}}],"collection":[{"href":"https:\/\/torbatekmakina.com\/en\/wp-json\/wp\/v2\/pages"}],"about":[{"href":"https:\/\/torbatekmakina.com\/en\/wp-json\/wp\/v2\/types\/page"}],"author":[{"embeddable":true,"href":"https:\/\/torbatekmakina.com\/en\/wp-json\/wp\/v2\/users\/1"}],"replies":[{"embeddable":true,"href":"https:\/\/torbatekmakina.com\/en\/wp-json\/wp\/v2\/comments?post=4376"}],"version-history":[{"count":1,"href":"https:\/\/torbatekmakina.com\/en\/wp-json\/wp\/v2\/pages\/4376\/revisions"}],"predecessor-version":[{"id":4391,"href":"https:\/\/torbatekmakina.com\/en\/wp-json\/wp\/v2\/pages\/4376\/revisions\/4391"}],"up":[{"embeddable":true,"href":"https:\/\/torbatekmakina.com\/en\/wp-json\/wp\/v2\/pages\/4299"}],"wp:attachment":[{"href":"https:\/\/torbatekmakina.com\/en\/wp-json\/wp\/v2\/media?parent=4376"}],"curies":[{"name":"wp","href":"https:\/\/api.w.org\/{rel}","templated":true}]}}