{"id":4371,"date":"2019-11-06T18:01:40","date_gmt":"2019-11-06T15:01:40","guid":{"rendered":"http:\/\/torbatekmakina.com\/usage-areas\/silaj-paketleme\/"},"modified":"2019-11-07T12:05:54","modified_gmt":"2019-11-07T09:05:54","slug":"silage-packaging","status":"publish","type":"page","link":"https:\/\/torbatekmakina.com\/en\/usage-areas\/silage-packaging\/","title":{"rendered":"Silage Packaging"},"content":{"rendered":"<div class=\"wpb-content-wrapper\"><p>[vc_row][vc_column]<section class=\"image-standard \">\n\t\t\t\t\t\t    <div class=\"container p0-sm-min\">\n\t\t\t\t\t\t        <div class=\"row vertical-flex\">\n\t\t\t\t\t\t            <div class=\"col-md-7 col-sm-6 text-center mb-xs-24 p0-sm-min border-radius-m\">\n\t\t\t\t\t\t            \t<div class=\"intro-image\"><img loading=\"lazy\" decoding=\"async\" width=\"450\" height=\"300\" src=\"https:\/\/torbatekmakina.com\/wp-content\/uploads\/2019\/11\/m\u0131s\u0131r-silaj\u0131-torbatek-makina-kullan\u0131m-alan\u0131-i\u00e7-resim.jpg\" class=\"attachment-full size-full\" alt=\"\" srcset=\"https:\/\/torbatekmakina.com\/wp-content\/uploads\/2019\/11\/m\u0131s\u0131r-silaj\u0131-torbatek-makina-kullan\u0131m-alan\u0131-i\u00e7-resim.jpg 450w, https:\/\/torbatekmakina.com\/wp-content\/uploads\/2019\/11\/m\u0131s\u0131r-silaj\u0131-torbatek-makina-kullan\u0131m-alan\u0131-i\u00e7-resim-300x200.jpg 300w\" sizes=\"auto, (max-width: 450px) 100vw, 450px\" \/>\n\t\t\t\t\t\t            \t<\/div>\n\t\t\t\t\t\t            <\/div>\n\t\t\t\t\t\t            <div class=\"col-md-4 col-md-offset-1 col-sm-5 col-sm-offset-1 p0-sm-min\"><div><strong>With adjustable capacity<\/strong>\u00a0you can easily adjust desired kg value via filling indicator<\/p>\n<p><strong>With vacuum system\u00a0<\/strong>the packaged product will be vacuumed to long lasting and there must be no air inside the package. Through this system the product inside the package stays fresh for longer.<\/p>\n<p><strong>With counter system\u00a0<\/strong>you can control daily and all time packaged product amount. You can watch it real time.<\/p>\n<p><strong>Mobility system\u00a0<\/strong>is the system that we developed for you to transfer the machine easily under tough environmental conditions. You can easily carry the machine via drawbar.<\/p>\n<p><strong>With feeding system\u00a0<\/strong>the product goes into machine automatically. You can adjust motor speed real time. You can easily use standard feeder machines with our machine.<\/p>\n<p><strong>Weighing system\u00a0<\/strong>provides maximum sensitivity with 3 pieces 100kg capacity load cells.<\/p>\n<p>We offer\u00a0<strong>TK 1500 MOD\u00dcLER<\/strong>equipped with standard components that has minimum maintenance cost, long lasting, widespread service network and minimum spare part problem with a comfortable structure that provides user friendly menus and quick process performance.<\/div><\/div>\n\t\t\t\t\t\t        <\/div>\n\t\t\t\t\t\t    <\/div>\n\t\t\t\t\t\t<\/section>[\/vc_column][\/vc_row][vc_row css=&#8221;.vc_custom_1572605847484{background-color: #f7f7f7 !important;}&#8221;][vc_column]<div class=\"headings-title\"><div class=\"mb72 mb16 mb-xs-40 text-center\"><h5  class=\"widgettitle mb0\">IMAGES OF PACKAGED PRODUCTS<\/h5><div  class=\"widgetsubtitle\">Silage Packaging<\/div><\/div><\/div>[vc_column_text]<\/p>\n<div class=\"lightbox-gallery mt16 third-thumbs\" data-gallery-title=\"Silage Packaging\"><ul><li><a href=\"https:\/\/torbatekmakina.com\/wp-content\/uploads\/2019\/11\/resimler-silaj-3-1.jpg\" data-lightbox=\"true\" data-title=\"\"><div class=\"bg-overlay\">\n\t    \t    \t        \t\t<img decoding=\"async\" src=\"https:\/\/torbatekmakina.com\/wp-content\/uploads\/2019\/11\/resimler-silaj-3-1-900x600.jpg\" alt=\"gallery-item\" \/>\n\t    \t    \t        \t\t<div class=\"bg-mask mask-white\"><i class=\"ti-plus\"><\/i><\/div>\n\t    \t    \t        \t<\/div><\/a><\/li><li><a href=\"https:\/\/torbatekmakina.com\/wp-content\/uploads\/2019\/11\/resimler-silaj-1-1.jpg\" data-lightbox=\"true\" data-title=\"\"><div class=\"bg-overlay\">\n\t    \t    \t        \t\t<img decoding=\"async\" src=\"https:\/\/torbatekmakina.com\/wp-content\/uploads\/2019\/11\/resimler-silaj-1-1-900x600.jpg\" alt=\"gallery-item\" \/>\n\t    \t    \t        \t\t<div class=\"bg-mask mask-white\"><i class=\"ti-plus\"><\/i><\/div>\n\t    \t    \t        \t<\/div><\/a><\/li><li><a href=\"https:\/\/torbatekmakina.com\/wp-content\/uploads\/2019\/11\/resimler-silaj-2-1.jpg\" data-lightbox=\"true\" data-title=\"\"><div class=\"bg-overlay\">\n\t    \t    \t        \t\t<img decoding=\"async\" src=\"https:\/\/torbatekmakina.com\/wp-content\/uploads\/2019\/11\/resimler-silaj-2-1-900x600.jpg\" alt=\"gallery-item\" \/>\n\t    \t    \t        \t\t<div class=\"bg-mask mask-white\"><i class=\"ti-plus\"><\/i><\/div>\n\t    \t    \t        \t<\/div><\/a><\/li><\/ul><\/div>\n<div id=\"gtx-trans\" style=\"position: absolute; left: 225px; top: 26px;\">\n<div class=\"gtx-trans-icon\"><\/div>\n<\/div>\n<p>[\/vc_column_text][\/vc_column][\/vc_row]<\/p>\n<\/div>","protected":false},"excerpt":{"rendered":"<p>[vc_row][vc_column][\/vc_column][\/vc_row][vc_row css=&#8221;.vc_custom_1572605847484{background-color: #f7f7f7 !important;}&#8221;][vc_column][vc_column_text] [\/vc_column_text][\/vc_column][\/vc_row]<\/p>\n","protected":false},"author":1,"featured_media":0,"parent":4299,"menu_order":0,"comment_status":"closed","ping_status":"closed","template":"","meta":{"footnotes":""},"class_list":["post-4371","page","type-page","status-publish","hentry"],"_links":{"self":[{"href":"https:\/\/torbatekmakina.com\/en\/wp-json\/wp\/v2\/pages\/4371","targetHints":{"allow":["GET"]}}],"collection":[{"href":"https:\/\/torbatekmakina.com\/en\/wp-json\/wp\/v2\/pages"}],"about":[{"href":"https:\/\/torbatekmakina.com\/en\/wp-json\/wp\/v2\/types\/page"}],"author":[{"embeddable":true,"href":"https:\/\/torbatekmakina.com\/en\/wp-json\/wp\/v2\/users\/1"}],"replies":[{"embeddable":true,"href":"https:\/\/torbatekmakina.com\/en\/wp-json\/wp\/v2\/comments?post=4371"}],"version-history":[{"count":2,"href":"https:\/\/torbatekmakina.com\/en\/wp-json\/wp\/v2\/pages\/4371\/revisions"}],"predecessor-version":[{"id":4386,"href":"https:\/\/torbatekmakina.com\/en\/wp-json\/wp\/v2\/pages\/4371\/revisions\/4386"}],"up":[{"embeddable":true,"href":"https:\/\/torbatekmakina.com\/en\/wp-json\/wp\/v2\/pages\/4299"}],"wp:attachment":[{"href":"https:\/\/torbatekmakina.com\/en\/wp-json\/wp\/v2\/media?parent=4371"}],"curies":[{"name":"wp","href":"https:\/\/api.w.org\/{rel}","templated":true}]}}