{"id":4345,"date":"2019-11-06T16:43:44","date_gmt":"2019-11-06T13:43:44","guid":{"rendered":"http:\/\/torbatekmakina.com\/haberler\/"},"modified":"2019-11-07T12:04:12","modified_gmt":"2019-11-07T09:04:12","slug":"news","status":"publish","type":"page","link":"https:\/\/torbatekmakina.com\/en\/news\/","title":{"rendered":"News"},"content":{"rendered":"<div class=\"wpb-content-wrapper\"><p>[vc_row][vc_column]<section id=\"blog-69e46526c8b77\" class=\"p0 text-left\"><div class=\"blog-carousel blog-carousel-detail four-columns\"><div class=\"post-wrap project\">\r\n    <div class=\"inner-wrap border-none p0\">\r\n        <a href=\"https:\/\/torbatekmakina.com\/en\/eskisehir-beylikova-agricultural-development-coop-vacuum-silage-packaging-machine\/\">\r\n            <div class=\"post-image bg-overlay mb16\">\r\n                <img loading=\"lazy\" decoding=\"async\" width=\"535\" height=\"400\" src=\"https:\/\/torbatekmakina.com\/wp-content\/uploads\/2019\/11\/haberler-logo-535x400.jpg\" class=\"background-image wp-post-image\" alt=\"\" \/>                <div class=\"bg-mask\"><i class=\"ti-plus\"><\/i><\/div>\r\n            <\/div>\r\n        <\/a>\r\n        <div class=\"inner-left inner-small\">\r\n            <div class=\"day\">27<\/div>\r\n            <div class=\"month\">Mar<\/div>\r\n        <\/div>\r\n        <div class=\"inner-right inner-small\">\r\n            <div class=\"post-title\">\r\n                <h5 class=\"mb0\"><a class=\"link-dark-title\" href=\"https:\/\/torbatekmakina.com\/en\/eskisehir-beylikova-agricultural-development-coop-vacuum-silage-packaging-machine\/\">ESK\u0130\u015eEH\u0130R BEYL\u0130KOVA AGRICULTURAL DEVELOPMENT COOP. VACUUM SILAGE PACKAGING MACHINE<\/a><\/h5>            <\/div>\r\n            <div class=\"entry-meta mt8 mb16 p0\">\r\n                                    <span class=\"inline-block\"><span>in<\/span><a href=\"https:\/\/torbatekmakina.com\/en\/category\/uncategorized\/\" rel=\"category tag\">Uncategorized<\/a><\/span>\r\n                            <\/div>\r\n        <\/div>\r\n        <div class=\"clearfix\"><\/div>\r\n        <p>ESK\u0130\u015eEH\u0130R BEYL\u0130KOVA AGRICULTURAL DEVELOPMENT COOP. VACUUM SILAGE PACKAGING MACHINE IS DELIVERED<\/p>\n    <\/div>\r\n<\/div><div class=\"post-wrap project\">\r\n    <div class=\"inner-wrap border-none p0\">\r\n        <a href=\"https:\/\/torbatekmakina.com\/en\/aksaray-yapilcanlar-grup-pelet-torbalama-tesisi-kurulumu\/\">\r\n            <div class=\"post-image bg-overlay mb16\">\r\n                <img loading=\"lazy\" decoding=\"async\" width=\"535\" height=\"400\" src=\"https:\/\/torbatekmakina.com\/wp-content\/uploads\/2019\/11\/haberler-logo-535x400.jpg\" class=\"background-image wp-post-image\" alt=\"\" \/>                <div class=\"bg-mask\"><i class=\"ti-plus\"><\/i><\/div>\r\n            <\/div>\r\n        <\/a>\r\n        <div class=\"inner-left inner-small\">\r\n            <div class=\"day\">10<\/div>\r\n            <div class=\"month\">Jan<\/div>\r\n        <\/div>\r\n        <div class=\"inner-right inner-small\">\r\n            <div class=\"post-title\">\r\n                <h5 class=\"mb0\"><a class=\"link-dark-title\" href=\"https:\/\/torbatekmakina.com\/en\/aksaray-yapilcanlar-grup-pelet-torbalama-tesisi-kurulumu\/\">Aksaray Yapcanlar Group Pellet Bagging Plant Installation<\/a><\/h5>            <\/div>\r\n            <div class=\"entry-meta mt8 mb16 p0\">\r\n                                    <span class=\"inline-block\"><span>in<\/span><a href=\"https:\/\/torbatekmakina.com\/en\/category\/uncategorized\/\" rel=\"category tag\">Uncategorized<\/a><\/span>\r\n                            <\/div>\r\n        <\/div>\r\n        <div class=\"clearfix\"><\/div>\r\n        <p>Aksaray Yapcanlar Group Pellet Bagging Plant was installed.<\/p>\n    <\/div>\r\n<\/div><div class=\"post-wrap project\">\r\n    <div class=\"inner-wrap border-none p0\">\r\n        <a href=\"https:\/\/torbatekmakina.com\/en\/shipment-and-installation-of-machinery-in-russia\/\">\r\n            <div class=\"post-image bg-overlay mb16\">\r\n                <img loading=\"lazy\" decoding=\"async\" width=\"535\" height=\"400\" src=\"https:\/\/torbatekmakina.com\/wp-content\/uploads\/2019\/11\/haberler-logo-535x400.jpg\" class=\"background-image wp-post-image\" alt=\"\" \/>                <div class=\"bg-mask\"><i class=\"ti-plus\"><\/i><\/div>\r\n            <\/div>\r\n        <\/a>\r\n        <div class=\"inner-left inner-small\">\r\n            <div class=\"day\">06<\/div>\r\n            <div class=\"month\">Nov<\/div>\r\n        <\/div>\r\n        <div class=\"inner-right inner-small\">\r\n            <div class=\"post-title\">\r\n                <h5 class=\"mb0\"><a class=\"link-dark-title\" href=\"https:\/\/torbatekmakina.com\/en\/shipment-and-installation-of-machinery-in-russia\/\">Shipment and Installation of Machinery in Russia<\/a><\/h5>            <\/div>\r\n            <div class=\"entry-meta mt8 mb16 p0\">\r\n                                    <span class=\"inline-block\"><span>in<\/span><a href=\"https:\/\/torbatekmakina.com\/en\/category\/uncategorized\/\" rel=\"category tag\">Uncategorized<\/a><\/span>\r\n                            <\/div>\r\n        <\/div>\r\n        <div class=\"clearfix\"><\/div>\r\n        <p>[vc_row][vc_column][\/vc_column][\/vc_row][vc_row css=&#8221;.vc_custom_1572605847484{background-color: #f7f7f7 !important;}&#8221;][vc_column][vc_column_text] [\/vc_column_text][\/vc_column][\/vc_row][vc_row][vc_column][vc_column_text] [\/vc_column_text][\/vc_column][\/vc_row]<\/p>\n    <\/div>\r\n<\/div><div class=\"post-wrap project\">\r\n    <div class=\"inner-wrap border-none p0\">\r\n        <a href=\"https:\/\/torbatekmakina.com\/en\/coal-bagging-machine-romania-loading\/\">\r\n            <div class=\"post-image bg-overlay mb16\">\r\n                <img loading=\"lazy\" decoding=\"async\" width=\"535\" height=\"400\" src=\"https:\/\/torbatekmakina.com\/wp-content\/uploads\/2019\/11\/haberler-logo-535x400.jpg\" class=\"background-image wp-post-image\" alt=\"\" \/>                <div class=\"bg-mask\"><i class=\"ti-plus\"><\/i><\/div>\r\n            <\/div>\r\n        <\/a>\r\n        <div class=\"inner-left inner-small\">\r\n            <div class=\"day\">06<\/div>\r\n            <div class=\"month\">Nov<\/div>\r\n        <\/div>\r\n        <div class=\"inner-right inner-small\">\r\n            <div class=\"post-title\">\r\n                <h5 class=\"mb0\"><a class=\"link-dark-title\" href=\"https:\/\/torbatekmakina.com\/en\/coal-bagging-machine-romania-loading\/\">COAL BAGGING MACHINE &#8211; ROMANIA LOADING<\/a><\/h5>            <\/div>\r\n            <div class=\"entry-meta mt8 mb16 p0\">\r\n                                    <span class=\"inline-block\"><span>in<\/span><a href=\"https:\/\/torbatekmakina.com\/en\/category\/uncategorized\/\" rel=\"category tag\">Uncategorized<\/a><\/span>\r\n                            <\/div>\r\n        <\/div>\r\n        <div class=\"clearfix\"><\/div>\r\n        <p>[vc_row][vc_column][\/vc_column][\/vc_row][vc_row css=&#8221;.vc_custom_1572605847484{background-color: #f7f7f7 !important;}&#8221;][vc_column][vc_column_text] [\/vc_column_text][\/vc_column][\/vc_row][vc_row][vc_column][vc_column_text] [\/vc_column_text][\/vc_column][\/vc_row]<\/p>\n    <\/div>\r\n<\/div><div class=\"post-wrap project\">\r\n    <div class=\"inner-wrap border-none p0\">\r\n        <a href=\"https:\/\/torbatekmakina.com\/en\/2019-konya-agriculture-fair-torbatek-machinery\/\">\r\n            <div class=\"post-image bg-overlay mb16\">\r\n                <img loading=\"lazy\" decoding=\"async\" width=\"535\" height=\"400\" src=\"https:\/\/torbatekmakina.com\/wp-content\/uploads\/2019\/11\/haberler-logo-535x400.jpg\" class=\"background-image wp-post-image\" alt=\"\" \/>                <div class=\"bg-mask\"><i class=\"ti-plus\"><\/i><\/div>\r\n            <\/div>\r\n        <\/a>\r\n        <div class=\"inner-left inner-small\">\r\n            <div class=\"day\">06<\/div>\r\n            <div class=\"month\">Nov<\/div>\r\n        <\/div>\r\n        <div class=\"inner-right inner-small\">\r\n            <div class=\"post-title\">\r\n                <h5 class=\"mb0\"><a class=\"link-dark-title\" href=\"https:\/\/torbatekmakina.com\/en\/2019-konya-agriculture-fair-torbatek-machinery\/\">2019 Konya Agriculture Fair &#8211; Torbatek Machinery<\/a><\/h5>            <\/div>\r\n            <div class=\"entry-meta mt8 mb16 p0\">\r\n                                    <span class=\"inline-block\"><span>in<\/span><a href=\"https:\/\/torbatekmakina.com\/en\/category\/uncategorized\/\" rel=\"category tag\">Uncategorized<\/a><\/span>\r\n                            <\/div>\r\n        <\/div>\r\n        <div class=\"clearfix\"><\/div>\r\n        <p>[vc_row][vc_column][\/vc_column][\/vc_row]<\/p>\n    <\/div>\r\n<\/div><div class=\"post-wrap project\">\r\n    <div class=\"inner-wrap border-none p0\">\r\n        <a href=\"https:\/\/torbatekmakina.com\/en\/algeria-machine-shipment-and-installation\/\">\r\n            <div class=\"post-image bg-overlay mb16\">\r\n                <img loading=\"lazy\" decoding=\"async\" width=\"535\" height=\"400\" src=\"https:\/\/torbatekmakina.com\/wp-content\/uploads\/2019\/11\/haberler-logo-535x400.jpg\" class=\"background-image wp-post-image\" alt=\"\" \/>                <div class=\"bg-mask\"><i class=\"ti-plus\"><\/i><\/div>\r\n            <\/div>\r\n        <\/a>\r\n        <div class=\"inner-left inner-small\">\r\n            <div class=\"day\">06<\/div>\r\n            <div class=\"month\">Nov<\/div>\r\n        <\/div>\r\n        <div class=\"inner-right inner-small\">\r\n            <div class=\"post-title\">\r\n                <h5 class=\"mb0\"><a class=\"link-dark-title\" href=\"https:\/\/torbatekmakina.com\/en\/algeria-machine-shipment-and-installation\/\">ALGERIA MACHINE SHIPMENT AND INSTALLATION<\/a><\/h5>            <\/div>\r\n            <div class=\"entry-meta mt8 mb16 p0\">\r\n                                    <span class=\"inline-block\"><span>in<\/span><a href=\"https:\/\/torbatekmakina.com\/en\/category\/uncategorized\/\" rel=\"category tag\">Uncategorized<\/a><\/span>\r\n                            <\/div>\r\n        <\/div>\r\n        <div class=\"clearfix\"><\/div>\r\n        <p>[vc_row][vc_column][\/vc_column][\/vc_row]<\/p>\n    <\/div>\r\n<\/div><\/div><\/section>[\/vc_column][\/vc_row][vc_row][vc_column]<div class=\"headings-title\"><div class=\"mb72 mb16 mb-xs-40 text-center\"><h5  class=\"widgettitle mb0\">Social Media Account<\/h5><div  class=\"widgetsubtitle\">Follow Us<\/div><\/div><\/div><div class=\"tlg-spacer\" data-height=\"-100\" data-height-tablet=\"-100\" data-height-mobile=\"-100\" style=\"clear:both;display:block;height:-100px;margin-top:-100px;\"><\/div>[\/vc_column][\/vc_row][vc_row full_width=&#8221;stretch_row&#8221;][vc_column width=&#8221;1\/3&#8243; css=&#8221;.vc_custom_1451536680073{padding-top: 75px !important;padding-bottom: 75px !important;background-color: #016bb6 !important;}&#8221;]<div class=\"text-center\"><a class=\"hvr-push link-dark inline-block\" href= \"https:\/\/www.facebook.com\/torbatekmakina\" target=\"_self\"  ><i style=\"font-size:75px;color:#ffffff;\" class=\"ti-facebook  inline-block\"><\/i><\/a><\/div>[\/vc_column][vc_column width=&#8221;1\/3&#8243; css=&#8221;.vc_custom_1451536671968{padding-top: 75px !important;padding-bottom: 75px !important;background-color: #08c1e2 !important;}&#8221;]<div class=\"text-center\"><a class=\"hvr-bounce-in link-dark inline-block\" href= \"https:\/\/www.instagram.com\/torbatek.makina\/\" target=\"_self\"  ><i style=\"font-size:75px;color:#ffffff;\" class=\"ti-twitter  inline-block\"><\/i><\/a><\/div>[\/vc_column][vc_column width=&#8221;1\/3&#8243; css=&#8221;.vc_custom_1451536685115{padding-top: 75px !important;padding-bottom: 75px !important;background-color: #d94b34 !important;}&#8221;]<div class=\"text-center\"><a class=\"hvr-bounce-out link-dark inline-block\" href= \"https:\/\/www.youtube.com\/channel\/UCFdCyyZKHa0EFTaKQZ6r0Hg\" target=\"_self\"  ><i style=\"font-size:75px;color:#ffffff;\" class=\"ti-youtube  inline-block\"><\/i><\/a><\/div>[\/vc_column][\/vc_row]<\/p>\n<\/div>","protected":false},"excerpt":{"rendered":"<p>[vc_row][vc_column][\/vc_column][\/vc_row][vc_row][vc_column][\/vc_column][\/vc_row][vc_row full_width=&#8221;stretch_row&#8221;][vc_column width=&#8221;1\/3&#8243; css=&#8221;.vc_custom_1451536680073{padding-top: 75px !important;padding-bottom: 75px !important;background-color: #016bb6 !important;}&#8221;][\/vc_column][vc_column width=&#8221;1\/3&#8243; css=&#8221;.vc_custom_1451536671968{padding-top: 75px !important;padding-bottom: 75px !important;background-color:&#8230;<\/p>\n","protected":false},"author":1,"featured_media":4346,"parent":0,"menu_order":0,"comment_status":"closed","ping_status":"closed","template":"","meta":{"footnotes":""},"class_list":["post-4345","page","type-page","status-publish","has-post-thumbnail","hentry"],"_links":{"self":[{"href":"https:\/\/torbatekmakina.com\/en\/wp-json\/wp\/v2\/pages\/4345","targetHints":{"allow":["GET"]}}],"collection":[{"href":"https:\/\/torbatekmakina.com\/en\/wp-json\/wp\/v2\/pages"}],"about":[{"href":"https:\/\/torbatekmakina.com\/en\/wp-json\/wp\/v2\/types\/page"}],"author":[{"embeddable":true,"href":"https:\/\/torbatekmakina.com\/en\/wp-json\/wp\/v2\/users\/1"}],"replies":[{"embeddable":true,"href":"https:\/\/torbatekmakina.com\/en\/wp-json\/wp\/v2\/comments?post=4345"}],"version-history":[{"count":2,"href":"https:\/\/torbatekmakina.com\/en\/wp-json\/wp\/v2\/pages\/4345\/revisions"}],"predecessor-version":[{"id":4378,"href":"https:\/\/torbatekmakina.com\/en\/wp-json\/wp\/v2\/pages\/4345\/revisions\/4378"}],"wp:featuredmedia":[{"embeddable":true,"href":"https:\/\/torbatekmakina.com\/en\/wp-json\/wp\/v2\/media\/4346"}],"wp:attachment":[{"href":"https:\/\/torbatekmakina.com\/en\/wp-json\/wp\/v2\/media?parent=4345"}],"curies":[{"name":"wp","href":"https:\/\/api.w.org\/{rel}","templated":true}]}}