{"id":4299,"date":"2019-11-06T16:43:19","date_gmt":"2019-11-06T13:43:19","guid":{"rendered":"http:\/\/torbatekmakina.com\/kullanim-alanlari\/"},"modified":"2019-11-07T12:24:56","modified_gmt":"2019-11-07T09:24:56","slug":"usage-areas","status":"publish","type":"page","link":"https:\/\/torbatekmakina.com\/en\/usage-areas\/","title":{"rendered":"Usage Areas"},"content":{"rendered":"<div class=\"wpb-content-wrapper\"><p>[vc_row][vc_column width=&#8221;1\/4&#8243;]<div class=\"image-captions\"><div class=\"tlg-banner\"><figure class=\"hover-caption-5\"><img loading=\"lazy\" decoding=\"async\" width=\"600\" height=\"400\" src=\"https:\/\/torbatekmakina.com\/wp-content\/uploads\/2019\/11\/Silaj-paketleme-kullan\u0131m-alanlar\u0131-anasayfa.jpg\" class=\"attachment-full size-full\" alt=\"\" srcset=\"https:\/\/torbatekmakina.com\/wp-content\/uploads\/2019\/11\/Silaj-paketleme-kullan\u0131m-alanlar\u0131-anasayfa.jpg 600w, https:\/\/torbatekmakina.com\/wp-content\/uploads\/2019\/11\/Silaj-paketleme-kullan\u0131m-alanlar\u0131-anasayfa-300x200.jpg 300w\" sizes=\"auto, (max-width: 600px) 100vw, 600px\" \/><figcaption><div><h2 >Silage Packaging<\/h2><p  ><\/p><\/div><a href= \"http:\/\/torbatekmakina.com\/en\/usage-areas\/silage-packaging\/\" target=\"_self\" >View More<\/a><\/figcaption><\/figure><\/div><\/div>[\/vc_column][vc_column width=&#8221;1\/4&#8243;]<div class=\"image-captions\"><div class=\"tlg-banner\"><figure class=\"hover-caption-5\"><img loading=\"lazy\" decoding=\"async\" width=\"600\" height=\"400\" src=\"https:\/\/torbatekmakina.com\/wp-content\/uploads\/2019\/11\/k\u00fcspe-paketleme-kullan\u0131m-alanlar\u0131-anasayfa.jpg\" class=\"attachment-full size-full\" alt=\"\" srcset=\"https:\/\/torbatekmakina.com\/wp-content\/uploads\/2019\/11\/k\u00fcspe-paketleme-kullan\u0131m-alanlar\u0131-anasayfa.jpg 600w, https:\/\/torbatekmakina.com\/wp-content\/uploads\/2019\/11\/k\u00fcspe-paketleme-kullan\u0131m-alanlar\u0131-anasayfa-300x200.jpg 300w\" sizes=\"auto, (max-width: 600px) 100vw, 600px\" \/><figcaption><div><h2 >Sugar Bett Pulp Packaging<\/h2><p  ><\/p><\/div><a href= \"http:\/\/torbatekmakina.com\/en\/usage-areas\/sugar-bett-pulp-packaging\/\" target=\"_self\" >View More<\/a><\/figcaption><\/figure><\/div><\/div>[\/vc_column][vc_column width=&#8221;1\/4&#8243;]<div class=\"image-captions\"><div class=\"tlg-banner\"><figure class=\"hover-caption-5\"><img loading=\"lazy\" decoding=\"async\" width=\"1920\" height=\"1278\" src=\"https:\/\/torbatekmakina.com\/wp-content\/uploads\/2019\/11\/g\u00fcbre-paketleme-kullan\u0131m-alanlar\u0131-anasayfa.jpg\" class=\"attachment-full size-full\" alt=\"\" srcset=\"https:\/\/torbatekmakina.com\/wp-content\/uploads\/2019\/11\/g\u00fcbre-paketleme-kullan\u0131m-alanlar\u0131-anasayfa.jpg 1920w, https:\/\/torbatekmakina.com\/wp-content\/uploads\/2019\/11\/g\u00fcbre-paketleme-kullan\u0131m-alanlar\u0131-anasayfa-300x200.jpg 300w, https:\/\/torbatekmakina.com\/wp-content\/uploads\/2019\/11\/g\u00fcbre-paketleme-kullan\u0131m-alanlar\u0131-anasayfa-768x511.jpg 768w, https:\/\/torbatekmakina.com\/wp-content\/uploads\/2019\/11\/g\u00fcbre-paketleme-kullan\u0131m-alanlar\u0131-anasayfa-1024x682.jpg 1024w, https:\/\/torbatekmakina.com\/wp-content\/uploads\/2019\/11\/g\u00fcbre-paketleme-kullan\u0131m-alanlar\u0131-anasayfa-600x400.jpg 600w\" sizes=\"auto, (max-width: 1920px) 100vw, 1920px\" \/><figcaption><div><h2 >Fertilizer Packaging <\/h2><p  ><\/p><\/div><a href= \"http:\/\/torbatekmakina.com\/en\/usage-areas\/fertilizer-packaging\/\" target=\"_self\" >View More<\/a><\/figcaption><\/figure><\/div><\/div>[\/vc_column][vc_column width=&#8221;1\/4&#8243;]<div class=\"image-captions\"><div class=\"tlg-banner\"><figure class=\"hover-caption-5\"><img loading=\"lazy\" decoding=\"async\" width=\"1920\" height=\"1278\" src=\"https:\/\/torbatekmakina.com\/wp-content\/uploads\/2019\/11\/k\u00f6m\u00fcr-paketleme-kullan\u0131m-alanlar\u0131-anasayfa.jpg\" class=\"attachment-full size-full\" alt=\"\" srcset=\"https:\/\/torbatekmakina.com\/wp-content\/uploads\/2019\/11\/k\u00f6m\u00fcr-paketleme-kullan\u0131m-alanlar\u0131-anasayfa.jpg 1920w, https:\/\/torbatekmakina.com\/wp-content\/uploads\/2019\/11\/k\u00f6m\u00fcr-paketleme-kullan\u0131m-alanlar\u0131-anasayfa-300x200.jpg 300w, https:\/\/torbatekmakina.com\/wp-content\/uploads\/2019\/11\/k\u00f6m\u00fcr-paketleme-kullan\u0131m-alanlar\u0131-anasayfa-768x511.jpg 768w, https:\/\/torbatekmakina.com\/wp-content\/uploads\/2019\/11\/k\u00f6m\u00fcr-paketleme-kullan\u0131m-alanlar\u0131-anasayfa-1024x682.jpg 1024w, https:\/\/torbatekmakina.com\/wp-content\/uploads\/2019\/11\/k\u00f6m\u00fcr-paketleme-kullan\u0131m-alanlar\u0131-anasayfa-600x400.jpg 600w\" sizes=\"auto, (max-width: 1920px) 100vw, 1920px\" \/><figcaption><div><h2 >Coal Packaging<\/h2><p  ><\/p><\/div><a href= \"http:\/\/torbatekmakina.com\/en\/usage-areas\/coal-packaging\/\" target=\"_self\" >View More<\/a><\/figcaption><\/figure><\/div><\/div>[\/vc_column][\/vc_row]<\/p>\n<\/div>","protected":false},"excerpt":{"rendered":"<p>[vc_row][vc_column width=&#8221;1\/4&#8243;][\/vc_column][vc_column width=&#8221;1\/4&#8243;][\/vc_column][vc_column width=&#8221;1\/4&#8243;][\/vc_column][vc_column width=&#8221;1\/4&#8243;][\/vc_column][\/vc_row]<\/p>\n","protected":false},"author":1,"featured_media":4300,"parent":0,"menu_order":0,"comment_status":"closed","ping_status":"closed","template":"","meta":{"footnotes":""},"class_list":["post-4299","page","type-page","status-publish","has-post-thumbnail","hentry"],"_links":{"self":[{"href":"https:\/\/torbatekmakina.com\/en\/wp-json\/wp\/v2\/pages\/4299","targetHints":{"allow":["GET"]}}],"collection":[{"href":"https:\/\/torbatekmakina.com\/en\/wp-json\/wp\/v2\/pages"}],"about":[{"href":"https:\/\/torbatekmakina.com\/en\/wp-json\/wp\/v2\/types\/page"}],"author":[{"embeddable":true,"href":"https:\/\/torbatekmakina.com\/en\/wp-json\/wp\/v2\/users\/1"}],"replies":[{"embeddable":true,"href":"https:\/\/torbatekmakina.com\/en\/wp-json\/wp\/v2\/comments?post=4299"}],"version-history":[{"count":2,"href":"https:\/\/torbatekmakina.com\/en\/wp-json\/wp\/v2\/pages\/4299\/revisions"}],"predecessor-version":[{"id":4403,"href":"https:\/\/torbatekmakina.com\/en\/wp-json\/wp\/v2\/pages\/4299\/revisions\/4403"}],"wp:featuredmedia":[{"embeddable":true,"href":"https:\/\/torbatekmakina.com\/en\/wp-json\/wp\/v2\/media\/4300"}],"wp:attachment":[{"href":"https:\/\/torbatekmakina.com\/en\/wp-json\/wp\/v2\/media?parent=4299"}],"curies":[{"name":"wp","href":"https:\/\/api.w.org\/{rel}","templated":true}]}}