{"id":4293,"date":"2019-11-06T16:43:04","date_gmt":"2019-11-06T13:43:04","guid":{"rendered":"http:\/\/torbatekmakina.com\/kurumsal\/"},"modified":"2019-11-06T19:33:54","modified_gmt":"2019-11-06T16:33:54","slug":"about","status":"publish","type":"page","link":"https:\/\/torbatekmakina.com\/en\/about\/","title":{"rendered":"About"},"content":{"rendered":"<div class=\"wpb-content-wrapper\"><p>[vc_row][vc_column width=&#8221;2\/3&#8243;]<div class=\"headings-title\"><div class=\"mb72  mb-xs-40 text-left\"><h5  class=\"widgettitle \">ABOUT US<\/h5><div class=\"divider-wrap\"><div class=\"tlg-divider\"><\/div><\/div><\/div><\/div>[vc_column_text]Our company has done so many works and services successfully since establishment. By this, we\u2019ve achived a great success in local, regional and national level and made great contributions to the national economy.<\/p>\n<p>Bu ba\u015far\u0131n\u0131n ve geli\u015fimin arkas\u0131nda nitelikli insan kayna\u011f\u0131m\u0131z, bilgi birikimimiz ve g\u00fcvene dayal\u0131 i\u015f ili\u015fkilerimiz yer almaktad\u0131r. \u0130\u015fbirli\u011fi i\u00e7erisinde oldu\u011fumuz t\u00fcm kurum ve kurulu\u015flarla tesis etmi\u015f oldu\u011fumuz kar\u015f\u0131l\u0131kl\u0131 g\u00fcven, \u00e7al\u0131\u015fma anlay\u0131\u015f\u0131m\u0131z\u0131n en \u00f6nemli de\u011ferini olu\u015fturmaktad\u0131r.<\/p>\n<p>There are qualified human resources, experiences and trust-based relationships behind this success and development. The trust that we\u2019ve built with our partners and customers is the most important value of our understanding.<\/p>\n<p>The most important effort of us will be to continue trust based strong relationships with every partner and customer as we\u2019ve done it since now.[\/vc_column_text][\/vc_column][vc_column width=&#8221;1\/3&#8243;]<div class=\"tlg-spacer\" data-height=\"100\" data-height-tablet=\"100\" data-height-mobile=\"100\" style=\"clear:both;display:block;height:100px;\"><\/div>[vc_single_image image=&#8221;4296&#8243; img_size=&#8221;medium&#8221; css_animation=&#8221;zoomIn&#8221;][\/vc_column][\/vc_row][vc_row][vc_column]<div class=\"tlg-spacer\" data-height=\"10\" data-height-tablet=\"10\" data-height-mobile=\"10\" style=\"clear:both;display:block;height:10px;\"><\/div>[\/vc_column][\/vc_row]<\/p>\n<\/div>","protected":false},"excerpt":{"rendered":"<p>[vc_row][vc_column width=&#8221;2\/3&#8243;][vc_column_text]Our company has done so many works and services successfully since establishment. By this, we\u2019ve&#8230;<\/p>\n","protected":false},"author":1,"featured_media":4294,"parent":0,"menu_order":0,"comment_status":"closed","ping_status":"closed","template":"","meta":{"footnotes":""},"class_list":["post-4293","page","type-page","status-publish","has-post-thumbnail","hentry"],"_links":{"self":[{"href":"https:\/\/torbatekmakina.com\/en\/wp-json\/wp\/v2\/pages\/4293","targetHints":{"allow":["GET"]}}],"collection":[{"href":"https:\/\/torbatekmakina.com\/en\/wp-json\/wp\/v2\/pages"}],"about":[{"href":"https:\/\/torbatekmakina.com\/en\/wp-json\/wp\/v2\/types\/page"}],"author":[{"embeddable":true,"href":"https:\/\/torbatekmakina.com\/en\/wp-json\/wp\/v2\/users\/1"}],"replies":[{"embeddable":true,"href":"https:\/\/torbatekmakina.com\/en\/wp-json\/wp\/v2\/comments?post=4293"}],"version-history":[{"count":2,"href":"https:\/\/torbatekmakina.com\/en\/wp-json\/wp\/v2\/pages\/4293\/revisions"}],"predecessor-version":[{"id":4298,"href":"https:\/\/torbatekmakina.com\/en\/wp-json\/wp\/v2\/pages\/4293\/revisions\/4298"}],"wp:featuredmedia":[{"embeddable":true,"href":"https:\/\/torbatekmakina.com\/en\/wp-json\/wp\/v2\/media\/4294"}],"wp:attachment":[{"href":"https:\/\/torbatekmakina.com\/en\/wp-json\/wp\/v2\/media?parent=4293"}],"curies":[{"name":"wp","href":"https:\/\/api.w.org\/{rel}","templated":true}]}}